{"id":2,"date":"2025-05-05T15:08:21","date_gmt":"2025-05-05T15:08:21","guid":{"rendered":"https:\/\/www.sparrowtrainer.pl\/?page_id=2"},"modified":"2025-05-06T13:30:32","modified_gmt":"2025-05-06T13:30:32","slug":"home","status":"publish","type":"page","link":"https:\/\/www.sparrowtrainer.pl\/","title":{"rendered":"Home"},"content":{"rendered":"<div class=\"wp-block-image\">\n<figure class=\"aligncenter size-full\"><img loading=\"lazy\" decoding=\"async\" width=\"200\" height=\"179\" src=\"https:\/\/www.sparrowtrainer.pl\/wp-content\/uploads\/2025\/05\/200.png\" alt=\"\" class=\"wp-image-8\"\/><\/figure><\/div>\n\n\n<p class=\"has-text-align-center has-text-color has-link-color wp-elements-dc487596aed48138275ac9c0f9c56369\" style=\"color:#3b2323\"><em><strong>\u201eOd ma\u0142ych krok\u00f3w do wielkich zwyci\u0119stw \u2013 zr\u00f3b pierwszy z Sparrowtrainer\u201d<\/strong><\/em><\/p>\n\n\n\n<p class=\"has-text-color has-link-color wp-elements-021e42d811f30e85312ec135889b957c\" style=\"color:#3b2323\">Dzie\u0144 dobry! Nazywam si\u0119 Anna Mi\u0142osz. Wtajemniczeni m\u00f3wi\u0105 o mnie: Sparrowtrainer.<br>Wierz\u0119, \u017ce nie potrzeba wielkiego prze\u0142omu, by zacz\u0105\u0107 wielk\u0105 zmian\u0119. Czasem wystarczy jeden ma\u0142y krok \u2013 \u015bwiadomy, codzienny, Tw\u00f3j.<\/p>\n\n\n\n<p class=\"has-text-color has-link-color wp-elements-56118a56b9c7bd1295c0595f185f3779\" style=\"color:#3b2323\">Pomagam ludziom odkrywa\u0107 si\u0142\u0119 w tym, co zwyczajne. W codziennych wyborach, w rutynach, kt\u00f3re buduj\u0105 charakter. W pracy nad sob\u0105, kt\u00f3ra nie potrzebuje fajerwerk\u00f3w \u2013 tylko zaanga\u017cowania i odwagi, by zacz\u0105\u0107.<\/p>\n\n\n\n<p class=\"has-text-color has-link-color wp-elements-5a4b0d7d610d6e18d8dbcd84ee02b3d1\" style=\"color:#3b2323\">Kilka s\u0142\u00f3w o mnie:<\/p>\n\n\n\n<p class=\"has-text-color has-link-color wp-elements-b736d822f258c47411b6d2a46d369f9c\" style=\"color:#3b2323\">Nauczaniem zajmuj\u0119 si\u0119 od 1999 roku, pocz\u0105tkowo jako nauczyciel podstaw prawa w liceum ekonomicznym, p\u00f3\u017aniej jako trener w Krajowej Szkole Skarbowo\u015bci.<br>W 2020 roku uko\u0144czy\u0142am studia podyplomowe &#8222;Akademia Trenera i profesjonalne zarz\u0105dzanie szkoleniami&#8221;.<br>Uko\u0144czy\u0142am te\u017c Akademi\u0119 Trenera wewn\u0119trznego KAS. By\u0142am tak\u017ce cz\u0142onkiem grupy trener\u00f3w, kt\u00f3rzy pracowali nad programem i ostatecznym kszta\u0142tem Akademii Trenera 1 i Akademii Trenera 2.<br>Jako trener dydaktyczny KAS przygotowuj\u0119 kandydat\u00f3w do pe\u0142nienia roli trenera wewn\u0119trznego w organizacji.<br>Opr\u00f3cz Akademii 1 i 2, prowadz\u0119 tak\u017ce szkolenia w zakresie prawa karnego materialnego i procesowego, prawa Unii Europejskiej, procedur administracyjnych, prawa finansowego i zam\u00f3wie\u0144 publicznych.<br>Moim celem jest specjalizacja w tzw. szkoleniach umiej\u0119tno\u015bci mi\u0119kkich.<br>Z tego te\u017c powodu w 2024 roku uko\u0144czy\u0142am studia podyplomowe z coachingu. Chc\u0119 wspiera\u0107 innych w rozwoju i d\u0105\u017ceniu do osi\u0105gania cel\u00f3w.<br>Na bie\u017c\u0105co sama si\u0119 rozwijam. W 2025 roku uko\u0144czy\u0142am kurs Google &#8222;Umiej\u0119tno\u015bci jutra&#8221; w zakresie sztucznej inteligencji. W przygotowywaniu szkole\u0144 korzystam z nowoczesnych narz\u0119dzi.<\/p>\n\n\n\n<p class=\"has-text-color has-link-color wp-elements-25ff6638d3ae53e74770c957dd34fe88\" style=\"color:#3b2323\">Zapraszam&nbsp;do&nbsp;wsp\u00f3\u0142pracy.<\/p>\n\n\n\n<p><\/p>\n\n\n\n<p>Kontakt: kontakt@sparrowtrainer.pl<\/p>\n","protected":false},"excerpt":{"rendered":"<p>\u201eOd ma\u0142ych krok\u00f3w do wielkich zwyci\u0119stw \u2013 zr\u00f3b pierwszy z Sparrowtrainer\u201d Dzie\u0144 dobry! Nazywam si\u0119 Anna Mi\u0142osz. Wtajemniczeni m\u00f3wi\u0105 o mnie: Sparrowtrainer.Wierz\u0119, \u017ce nie potrzeba wielkiego prze\u0142omu, by zacz\u0105\u0107 wielk\u0105 zmian\u0119. Czasem wystarczy jeden ma\u0142y krok \u2013 \u015bwiadomy, codzienny, Tw\u00f3j. Pomagam ludziom odkrywa\u0107 si\u0142\u0119 w tym, co zwyczajne. W codziennych wyborach, w rutynach, kt\u00f3re buduj\u0105&hellip;<\/p>\n","protected":false},"author":1,"featured_media":0,"parent":0,"menu_order":0,"comment_status":"closed","ping_status":"closed","template":"","meta":{"footnotes":""},"class_list":["post-2","page","type-page","status-publish","hentry","description-off"],"_links":{"self":[{"href":"https:\/\/www.sparrowtrainer.pl\/index.php?rest_route=\/wp\/v2\/pages\/2","targetHints":{"allow":["GET"]}}],"collection":[{"href":"https:\/\/www.sparrowtrainer.pl\/index.php?rest_route=\/wp\/v2\/pages"}],"about":[{"href":"https:\/\/www.sparrowtrainer.pl\/index.php?rest_route=\/wp\/v2\/types\/page"}],"author":[{"embeddable":true,"href":"https:\/\/www.sparrowtrainer.pl\/index.php?rest_route=\/wp\/v2\/users\/1"}],"replies":[{"embeddable":true,"href":"https:\/\/www.sparrowtrainer.pl\/index.php?rest_route=%2Fwp%2Fv2%2Fcomments&post=2"}],"version-history":[{"count":4,"href":"https:\/\/www.sparrowtrainer.pl\/index.php?rest_route=\/wp\/v2\/pages\/2\/revisions"}],"predecessor-version":[{"id":14,"href":"https:\/\/www.sparrowtrainer.pl\/index.php?rest_route=\/wp\/v2\/pages\/2\/revisions\/14"}],"wp:attachment":[{"href":"https:\/\/www.sparrowtrainer.pl\/index.php?rest_route=%2Fwp%2Fv2%2Fmedia&parent=2"}],"curies":[{"name":"wp","href":"https:\/\/api.w.org\/{rel}","templated":true}]}}